{"id":76,"date":"2008-06-21T23:17:43","date_gmt":"2008-06-22T01:17:43","guid":{"rendered":"?page_id=76"},"modified":"2021-09-23T21:29:26","modified_gmt":"2021-09-23T18:29:26","slug":"toiminta","status":"publish","type":"page","link":"https:\/\/kurikankorvenkavijat.net\/?page_id=76","title":{"rendered":"Toiminta"},"content":{"rendered":"<p>Kurikan Korvenk\u00e4vij\u00e4t on aktiivisesti toimiva lippukunta, jossa j\u00e4seni\u00e4 on t\u00e4ll\u00e4 hetkell\u00e4 67. Lippukunta tarjoaa toimintaa kaiken ik\u00e4isille. 7-9 -vuotiaat ovat sudenpentuja, 10-12 \u2013vuotiaat seikkailijoita, 12-15 -vuotiaat tarpojia, 15-17 -vuotiaat samoajia, 18-22 -vuotiaat vaeltajia ja sit\u00e4 vanhemmat aikuisia.<\/p>\n<p>Lippukunnassamme 14-vuotiaat k\u00e4yv\u00e4t useimmiten ryhm\u00e4njohtajakoulutuksen ja alkavat johtaa seikkalija- tai tarpojaryhmi\u00e4. Sudenpentujen johtajat ovat yleens\u00e4 hieman vanhempia. Ryhm\u00e4t tekev\u00e4t itselleen toimintasuunnitelman, joka sis\u00e4lt\u00e4\u00e4 esimerkiksi retki\u00e4, ensiapua ja taitomerkkien suorittamista. Nuorien johtajien tukena toimii johtajaneuvosto, joka kokoontuu s\u00e4\u00e4nn\u00f6llisesti. Yli 18-vuotiaita johtajia on v\u00e4h\u00e4n, sill\u00e4 suurin osa l\u00e4htee suurempiin kaupunkeihin opiskelemaan. Onneksi opiskelijat kuitenkin jatkavat useimmiten partiotaivaltaan esimerkiksi piirin teht\u00e4viss\u00e4 ja j\u00e4rjest\u00e4m\u00e4ll\u00e4 kotilippukunnassa suurempia tapahtumia. Eri ik\u00e4isille johtajille on tarjolla monenlaista koulutusta sek\u00e4 kursseja, ja my\u00f6hemmin monista johtajista tuleekin esimerkiksi piirin kurssien kouluttajia.<\/p>\n<table border=\"0\">\n<tbody>\n<tr>\n<td><\/td>\n<td><\/td>\n<td><\/td>\n<\/tr>\n<tr>\n<td><\/td>\n<td><\/td>\n<td><\/td>\n<\/tr>\n<\/tbody>\n<\/table>\n<p>Kurikan Korvenk\u00e4vij\u00f6iden hallitus p\u00e4\u00e4tt\u00e4\u00e4 lippukuntaa koskevista asioista, kuten tulevista tapahtumista ja pesteist\u00e4. Hallituksen lis\u00e4ksi lippukunnassa toimii Johtajaneuvosto, johon kuuluvat kaikki yli 15-vuotiaat aktiivisesti toiminnassa mukana olevat j\u00e4senet. Vuosittain lippukunnassamme j\u00e4rjestet\u00e4\u00e4n monenlaisia tapahtumia, joista osa on maailmanlaajuisia ja osa lippukuntamme omia perinteit\u00e4. Muistelemisp\u00e4iv\u00e4\u00e4 vietet\u00e4\u00e4n 22.2. Se on partiolaisten kansainv\u00e4linen juhlap\u00e4iv\u00e4, jolloin juhlitaan sek\u00e4 partion perustajan B-P:n ett\u00e4 h\u00e4nen vaimonsa syntym\u00e4p\u00e4iv\u00e4\u00e4.<br \/>\nHuhtikuussa vietet\u00e4\u00e4n partioviikkoa viikolla 17, jolloin partio tuodaan enemm\u00e4n n\u00e4kyvill\u00e4 esimerkiksi tempauksilla tai k\u00e4ytt\u00e4m\u00e4ll\u00e4 koulussa lippukuntamme omaa hupparia. Partioviikolla on my\u00f6s muuta ohjelmaa. Yrj\u00f6np\u00e4iv\u00e4\u00e4 vietet\u00e4\u00e4n Suomessa 23.4, ja se on partiolaisten juhlista t\u00e4rkein. Vuonna 2009 j\u00e4rjestimme ensimm\u00e4isen oman partiojumalanpalveluksen, ja t\u00e4t\u00e4 perinnett\u00e4 on jatkettu siit\u00e4 l\u00e4htien.<\/p>\n<p>Toukokuussa on perinteisesti j\u00e4rjestetty johtajahuolto sek\u00e4 p\u00e4\u00e4t\u00f6snotski, joka lopettaa partiovuoden. Partiolaiset n\u00e4kev\u00e4t toisiaan kuitenkin my\u00f6s kes\u00e4ll\u00e4 erilaisten tapahtumien, kuten leirien, yhteydess\u00e4.<\/p>\n<p>Elokuussa lippukunnan toiminnan aloittaa j\u00e4lleen aloitusnotski, jonka j\u00e4lkeen on pian my\u00f6s Kurikan markkinat, jossa lippukunnallamme on oma koju. Partiolaisten maailmanj\u00e4rjest\u00f6t ovat nimenneet syyskuun kolmannen tiistain Rauhanp\u00e4iv\u00e4ksi, jolloin pohditaan mit\u00e4 rauha on ja mit\u00e4 se merkitsee. Lokakuussa alkaa partiolaisten adventtikalentereiden myynti, joka jatkuu joulukuuhun saakka. 6.12 j\u00e4rjestet\u00e4\u00e4n kynttil\u00e4kulkue ja sudenpentujen lupauksenanto. Joulukuun puolessa v\u00e4liss\u00e4 lippukunnan pikkujoulu p\u00e4\u00e4tt\u00e4\u00e4 syyskauden.<\/p>\n<p>Mukaan Kurikan Korvenk\u00e4vij\u00f6iden toimintaan otetaan kaiken ik\u00e4isi\u00e4. Mik\u00e4li nykyisiss\u00e4 ryhmiss\u00e4 ei ole tilaa ilmoittautumishetkell\u00e4, seuraa aktiivisesti mainontaa. Partiotoiminnasta kiinnostuneet aikuiset voivat my\u00f6s ilmoittautua ryhm\u00e4njohtajaksi tai muuhun lippukunnan toimintaan ottamalla yhteytt\u00e4 lippukunnanjohtajaan.<\/p>\n","protected":false},"excerpt":{"rendered":"<p>Kurikan Korvenk\u00e4vij\u00e4t on aktiivisesti toimiva lippukunta, jossa j\u00e4seni\u00e4 on t\u00e4ll\u00e4 hetkell\u00e4 67. Lippukunta tarjoaa toimintaa kaiken ik\u00e4isille. 7-9 -vuotiaat ovat sudenpentuja, 10-12 \u2013vuotiaat seikkailijoita, 12-15 -vuotiaat tarpojia, 15-17 -vuotiaat samoajia, 18-22 -vuotiaat vaeltajia ja sit\u00e4 vanhemmat aikuisia. Lippukunnassamme 14-vuotiaat k\u00e4yv\u00e4t useimmiten ryhm\u00e4njohtajakoulutuksen ja alkavat johtaa seikkalija- tai tarpojaryhmi\u00e4. Sudenpentujen johtajat ovat yleens\u00e4 hieman vanhempia. Ryhm\u00e4t [&hellip;]<\/p>\n","protected":false},"author":1,"featured_media":0,"parent":0,"menu_order":8,"comment_status":"closed","ping_status":"closed","template":"","meta":{"footnotes":""},"class_list":["post-76","page","type-page","status-publish","hentry"],"_links":{"self":[{"href":"https:\/\/kurikankorvenkavijat.net\/index.php?rest_route=\/wp\/v2\/pages\/76","targetHints":{"allow":["GET"]}}],"collection":[{"href":"https:\/\/kurikankorvenkavijat.net\/index.php?rest_route=\/wp\/v2\/pages"}],"about":[{"href":"https:\/\/kurikankorvenkavijat.net\/index.php?rest_route=\/wp\/v2\/types\/page"}],"author":[{"embeddable":true,"href":"https:\/\/kurikankorvenkavijat.net\/index.php?rest_route=\/wp\/v2\/users\/1"}],"replies":[{"embeddable":true,"href":"https:\/\/kurikankorvenkavijat.net\/index.php?rest_route=%2Fwp%2Fv2%2Fcomments&post=76"}],"version-history":[{"count":8,"href":"https:\/\/kurikankorvenkavijat.net\/index.php?rest_route=\/wp\/v2\/pages\/76\/revisions"}],"predecessor-version":[{"id":2991,"href":"https:\/\/kurikankorvenkavijat.net\/index.php?rest_route=\/wp\/v2\/pages\/76\/revisions\/2991"}],"wp:attachment":[{"href":"https:\/\/kurikankorvenkavijat.net\/index.php?rest_route=%2Fwp%2Fv2%2Fmedia&parent=76"}],"curies":[{"name":"wp","href":"https:\/\/api.w.org\/{rel}","templated":true}]}}