{"id":72,"date":"2008-06-21T23:03:59","date_gmt":"2008-06-22T01:03:59","guid":{"rendered":"?page_id=72"},"modified":"2021-09-23T21:44:37","modified_gmt":"2021-09-23T18:44:37","slug":"heppis","status":"publish","type":"page","link":"https:\/\/kurikankorvenkavijat.net\/?page_id=72","title":{"rendered":"Heppis"},"content":{"rendered":"<p><a href=\"http:\/\/kansalaisen.karttapaikka.fi\/linkki?text=Hevonharju&amp;scale=16000&amp;y=6937615&amp;x=1571185&amp;lang=FI\">Kartta Hevonharjulle<\/a><br \/>\n<a href=\"..\/images\/Hevonharjunvieraskirja\">Vieraskirja<\/a><\/p>\n<p>Hevonharjulla eli Heppiksell\u00e4 on Kurikan korvenk\u00e4vij\u00f6iden maja. Heppis sijaitsee Autionmaassa l\u00e4hell\u00e4 Pitk\u00e4m\u00f6\u00e4. Vanha maja paloi vuonna 1994 ja vuosi sen j\u00e4lkeen rakennettiin uusi joka on ollut siit\u00e4 l\u00e4htien ahkerassa k\u00e4yt\u00f6ss\u00e4. Heppiksell\u00e4 vartiot pit\u00e4v\u00e4t y\u00f6retki\u00e4 ja vuosittain siell\u00e4 j\u00e4rjestet\u00e4\u00e4n leiri tai muita tapahtumia. Hevonharjulla\u00a0on my\u00f6s laavu joka on vartioiden ja retkeilij\u00f6iden k\u00e4yt\u00f6ss\u00e4.<\/p>\n<p><img decoding=\"async\" src=\"..\/images\/heppis1.jpg\" alt=\"\" \/><br \/>\n<img decoding=\"async\" src=\"..\/images\/heppis2.jpg\" alt=\"\" \/><\/p>\n","protected":false},"excerpt":{"rendered":"<p>Kartta Hevonharjulle Vieraskirja Hevonharjulla eli Heppiksell\u00e4 on Kurikan korvenk\u00e4vij\u00f6iden maja. Heppis sijaitsee Autionmaassa l\u00e4hell\u00e4 Pitk\u00e4m\u00f6\u00e4. Vanha maja paloi vuonna 1994 ja vuosi sen j\u00e4lkeen rakennettiin uusi joka on ollut siit\u00e4 l\u00e4htien ahkerassa k\u00e4yt\u00f6ss\u00e4. Heppiksell\u00e4 vartiot pit\u00e4v\u00e4t y\u00f6retki\u00e4 ja vuosittain siell\u00e4 j\u00e4rjestet\u00e4\u00e4n leiri tai muita tapahtumia. Hevonharjulla\u00a0on my\u00f6s laavu joka on vartioiden ja retkeilij\u00f6iden k\u00e4yt\u00f6ss\u00e4.<\/p>\n","protected":false},"author":1,"featured_media":0,"parent":71,"menu_order":0,"comment_status":"closed","ping_status":"closed","template":"","meta":{"footnotes":""},"class_list":["post-72","page","type-page","status-publish","hentry"],"_links":{"self":[{"href":"https:\/\/kurikankorvenkavijat.net\/index.php?rest_route=\/wp\/v2\/pages\/72","targetHints":{"allow":["GET"]}}],"collection":[{"href":"https:\/\/kurikankorvenkavijat.net\/index.php?rest_route=\/wp\/v2\/pages"}],"about":[{"href":"https:\/\/kurikankorvenkavijat.net\/index.php?rest_route=\/wp\/v2\/types\/page"}],"author":[{"embeddable":true,"href":"https:\/\/kurikankorvenkavijat.net\/index.php?rest_route=\/wp\/v2\/users\/1"}],"replies":[{"embeddable":true,"href":"https:\/\/kurikankorvenkavijat.net\/index.php?rest_route=%2Fwp%2Fv2%2Fcomments&post=72"}],"version-history":[{"count":1,"href":"https:\/\/kurikankorvenkavijat.net\/index.php?rest_route=\/wp\/v2\/pages\/72\/revisions"}],"predecessor-version":[{"id":2996,"href":"https:\/\/kurikankorvenkavijat.net\/index.php?rest_route=\/wp\/v2\/pages\/72\/revisions\/2996"}],"up":[{"embeddable":true,"href":"https:\/\/kurikankorvenkavijat.net\/index.php?rest_route=\/wp\/v2\/pages\/71"}],"wp:attachment":[{"href":"https:\/\/kurikankorvenkavijat.net\/index.php?rest_route=%2Fwp%2Fv2%2Fmedia&parent=72"}],"curies":[{"name":"wp","href":"https:\/\/api.w.org\/{rel}","templated":true}]}}