{"id":66,"date":"2008-06-21T15:10:01","date_gmt":"2008-06-21T17:10:01","guid":{"rendered":"?page_id=66"},"modified":"2020-02-01T18:41:01","modified_gmt":"2020-02-01T16:41:01","slug":"lippukunta","status":"publish","type":"page","link":"https:\/\/kurikankorvenkavijat.net\/?page_id=66","title":{"rendered":"Lippukunta"},"content":{"rendered":"<p>Korvenk\u00e4vij\u00e4t on noin 70 hengen partiolippukunta Kurikasta Etel\u00e4-Pohjanmaalta. Korvenk\u00e4vij\u00e4t kuuluu vuonna 2007 perustettuun piiriin, Pohjanmaan Partiolaisiin. Lippukunnan toiminta on aktiivista ymp\u00e4ri vuoden, ja se tarjoaa toimintaa ja tekemist\u00e4 kaikenik\u00e4isille. Tapahtumaa on monenlaista ymp\u00e4ri vuoden: lippukunnan, piirin ja Suomen Partiolaisten tarjoamat tapahtumat ja erilaiset kurssit ja johtajien koulutukset. Toimintakalenterista voit katsastaa tulevat tapahtumat.<\/p>\n<p><a title=\"Historiaa\" href=\"?page_id=67\">Historiaa<\/a><br \/>\n<a title=\"Lippu ja huivi\" href=\"?page_id=148\">Lippu ja huivi<\/a><br \/>\n<a href=\"?page_id=111\">Huutoja<\/a><\/p>\n<p><a href=\"http:\/\/kurikankorvenkavijat.net\/wp-content\/uploads\/2014\/02\/IMG_0475.jpg\"><img loading=\"lazy\" decoding=\"async\" class=\"alignnone size-medium wp-image-1536\" src=\"http:\/\/kurikankorvenkavijat.net\/wp-content\/uploads\/2014\/02\/IMG_0475-200x300.jpg\" alt=\"IMG_0475\" width=\"200\" height=\"300\" srcset=\"https:\/\/kurikankorvenkavijat.net\/wp-content\/uploads\/2014\/02\/IMG_0475-200x300.jpg 200w, https:\/\/kurikankorvenkavijat.net\/wp-content\/uploads\/2014\/02\/IMG_0475.jpg 224w\" sizes=\"auto, (max-width: 200px) 100vw, 200px\" \/><\/a><\/p>\n","protected":false},"excerpt":{"rendered":"<p>Korvenk\u00e4vij\u00e4t on noin 70 hengen partiolippukunta Kurikasta Etel\u00e4-Pohjanmaalta. Korvenk\u00e4vij\u00e4t kuuluu vuonna 2007 perustettuun piiriin, Pohjanmaan Partiolaisiin. Lippukunnan toiminta on aktiivista ymp\u00e4ri vuoden, ja se tarjoaa toimintaa ja tekemist\u00e4 kaikenik\u00e4isille. Tapahtumaa on monenlaista ymp\u00e4ri vuoden: lippukunnan, piirin ja Suomen Partiolaisten tarjoamat tapahtumat ja erilaiset kurssit ja johtajien koulutukset. Toimintakalenterista voit katsastaa tulevat tapahtumat. Historiaa Lippu ja [&hellip;]<\/p>\n","protected":false},"author":1,"featured_media":0,"parent":0,"menu_order":13,"comment_status":"closed","ping_status":"closed","template":"","meta":{"footnotes":""},"class_list":["post-66","page","type-page","status-publish","hentry"],"_links":{"self":[{"href":"https:\/\/kurikankorvenkavijat.net\/index.php?rest_route=\/wp\/v2\/pages\/66","targetHints":{"allow":["GET"]}}],"collection":[{"href":"https:\/\/kurikankorvenkavijat.net\/index.php?rest_route=\/wp\/v2\/pages"}],"about":[{"href":"https:\/\/kurikankorvenkavijat.net\/index.php?rest_route=\/wp\/v2\/types\/page"}],"author":[{"embeddable":true,"href":"https:\/\/kurikankorvenkavijat.net\/index.php?rest_route=\/wp\/v2\/users\/1"}],"replies":[{"embeddable":true,"href":"https:\/\/kurikankorvenkavijat.net\/index.php?rest_route=%2Fwp%2Fv2%2Fcomments&post=66"}],"version-history":[{"count":4,"href":"https:\/\/kurikankorvenkavijat.net\/index.php?rest_route=\/wp\/v2\/pages\/66\/revisions"}],"predecessor-version":[{"id":2935,"href":"https:\/\/kurikankorvenkavijat.net\/index.php?rest_route=\/wp\/v2\/pages\/66\/revisions\/2935"}],"wp:attachment":[{"href":"https:\/\/kurikankorvenkavijat.net\/index.php?rest_route=%2Fwp%2Fv2%2Fmedia&parent=66"}],"curies":[{"name":"wp","href":"https:\/\/api.w.org\/{rel}","templated":true}]}}