{"id":63,"date":"2008-06-21T14:30:59","date_gmt":"2008-06-21T16:30:59","guid":{"rendered":"?page_id=63"},"modified":"2026-02-16T12:25:34","modified_gmt":"2026-02-16T10:25:34","slug":"hallitus","status":"publish","type":"page","link":"https:\/\/kurikankorvenkavijat.net\/?page_id=63","title":{"rendered":"Hallitus"},"content":{"rendered":"<p>Toimintavuoden 2026 hallitukseen kuuluvat<\/p>\n<p>Huhtala Minna, lippukunnanjohtaja<br \/>\nIsom\u00e4ki Pia-Nora<br \/>\nIsom\u00e4ki Mia-Maria<br \/>\nKoski-S\u00e4ntti Elina<br \/>\nKes\u00e4l\u00e4 Tuija<br \/>\nM\u00e4kilaine Heidi<br \/>\nHuhtala Matti<br \/>\nKohtanen Iisakki<br \/>\nvaralla: Kyt\u00f6l\u00e4 Harri<\/p>\n<p>Hallituksen s\u00e4hk\u00f6postiosoite on kurikankorvenkavijat@gmail.com<\/p>\n","protected":false},"excerpt":{"rendered":"<p>Toimintavuoden 2026 hallitukseen kuuluvat Huhtala Minna, lippukunnanjohtaja Isom\u00e4ki Pia-Nora Isom\u00e4ki Mia-Maria Koski-S\u00e4ntti Elina Kes\u00e4l\u00e4 Tuija M\u00e4kilaine Heidi Huhtala Matti Kohtanen Iisakki varalla: Kyt\u00f6l\u00e4 Harri Hallituksen s\u00e4hk\u00f6postiosoite on kurikankorvenkavijat@gmail.com<\/p>\n","protected":false},"author":1,"featured_media":0,"parent":66,"menu_order":7,"comment_status":"closed","ping_status":"closed","template":"","meta":{"footnotes":""},"class_list":["post-63","page","type-page","status-publish","hentry"],"_links":{"self":[{"href":"https:\/\/kurikankorvenkavijat.net\/index.php?rest_route=\/wp\/v2\/pages\/63","targetHints":{"allow":["GET"]}}],"collection":[{"href":"https:\/\/kurikankorvenkavijat.net\/index.php?rest_route=\/wp\/v2\/pages"}],"about":[{"href":"https:\/\/kurikankorvenkavijat.net\/index.php?rest_route=\/wp\/v2\/types\/page"}],"author":[{"embeddable":true,"href":"https:\/\/kurikankorvenkavijat.net\/index.php?rest_route=\/wp\/v2\/users\/1"}],"replies":[{"embeddable":true,"href":"https:\/\/kurikankorvenkavijat.net\/index.php?rest_route=%2Fwp%2Fv2%2Fcomments&post=63"}],"version-history":[{"count":17,"href":"https:\/\/kurikankorvenkavijat.net\/index.php?rest_route=\/wp\/v2\/pages\/63\/revisions"}],"predecessor-version":[{"id":3058,"href":"https:\/\/kurikankorvenkavijat.net\/index.php?rest_route=\/wp\/v2\/pages\/63\/revisions\/3058"}],"up":[{"embeddable":true,"href":"https:\/\/kurikankorvenkavijat.net\/index.php?rest_route=\/wp\/v2\/pages\/66"}],"wp:attachment":[{"href":"https:\/\/kurikankorvenkavijat.net\/index.php?rest_route=%2Fwp%2Fv2%2Fmedia&parent=63"}],"curies":[{"name":"wp","href":"https:\/\/api.w.org\/{rel}","templated":true}]}}