{"id":2084,"date":"2014-08-01T09:32:52","date_gmt":"2014-08-01T06:32:52","guid":{"rendered":"http:\/\/kurikankorvenkavijat.net\/?page_id=2084"},"modified":"2021-09-23T21:31:42","modified_gmt":"2021-09-23T18:31:42","slug":"aikuiset-3","status":"publish","type":"page","link":"https:\/\/kurikankorvenkavijat.net\/?page_id=2084","title":{"rendered":"Aikuiset"},"content":{"rendered":"<p>Aikuiset mahdollistavat toiminnan &#8211; tule mukaan!<\/p>\n<p>Yhdess\u00e4 nuorten kanssa paikallista partiotoimintaa py\u00f6ritt\u00e4v\u00e4t tuhannet vapaaehtoiset aikuiset, jotka antavat osaamistaan, aikaansa ja tukeaan lasten ja nuorten harrastustoiminnan hyv\u00e4ksi. Aikuisilla voi olla partiossa monia rooleja viikkotoiminnan vet\u00e4j\u00e4st\u00e4 taustatoimijaksi tai talkooapuriksi.<\/p>\n<p>Lippukunnassa kaivataan lis\u00e4\u00e4 aikuisia, jotta partiotoiminta voidaan mahdollistaa kaikille mukaan haluaville lapsille. Tee siis partiosta my\u00f6s oma harrastuksesi ja tule mukaan!<\/p>\n<p><a href=\"http:\/\/www.mukaanpartioon.fi\/kaikkien-harrastus\">http:\/\/www.mukaanpartioon.fi\/kaikkien-harrastus<\/a><\/p>\n<p>Ota yhteytt\u00e4 kurikankorvenkavijat@gmail.com<a href=\"http:\/\/kurikankorvenkavijat.net\/wp-content\/uploads\/2014\/08\/vaellus2.jpg\"><img loading=\"lazy\" decoding=\"async\" class=\"alignnone  wp-image-2114\" src=\"http:\/\/kurikankorvenkavijat.net\/wp-content\/uploads\/2014\/08\/vaellus2.jpg\" alt=\"vaellus2\" width=\"576\" height=\"384\" srcset=\"https:\/\/kurikankorvenkavijat.net\/wp-content\/uploads\/2014\/08\/vaellus2.jpg 960w, https:\/\/kurikankorvenkavijat.net\/wp-content\/uploads\/2014\/08\/vaellus2-300x200.jpg 300w, https:\/\/kurikankorvenkavijat.net\/wp-content\/uploads\/2014\/08\/vaellus2-624x416.jpg 624w\" sizes=\"auto, (max-width: 576px) 100vw, 576px\" \/><\/a><\/p>\n","protected":false},"excerpt":{"rendered":"<p>Aikuiset mahdollistavat toiminnan &#8211; tule mukaan! Yhdess\u00e4 nuorten kanssa paikallista partiotoimintaa py\u00f6ritt\u00e4v\u00e4t tuhannet vapaaehtoiset aikuiset, jotka antavat osaamistaan, aikaansa ja tukeaan lasten ja nuorten harrastustoiminnan hyv\u00e4ksi. Aikuisilla voi olla partiossa monia rooleja viikkotoiminnan vet\u00e4j\u00e4st\u00e4 taustatoimijaksi tai talkooapuriksi. Lippukunnassa kaivataan lis\u00e4\u00e4 aikuisia, jotta partiotoiminta voidaan mahdollistaa kaikille mukaan haluaville lapsille. Tee siis partiosta my\u00f6s oma harrastuksesi [&hellip;]<\/p>\n","protected":false},"author":2,"featured_media":0,"parent":2069,"menu_order":23,"comment_status":"closed","ping_status":"closed","template":"","meta":{"footnotes":""},"class_list":["post-2084","page","type-page","status-publish","hentry"],"_links":{"self":[{"href":"https:\/\/kurikankorvenkavijat.net\/index.php?rest_route=\/wp\/v2\/pages\/2084","targetHints":{"allow":["GET"]}}],"collection":[{"href":"https:\/\/kurikankorvenkavijat.net\/index.php?rest_route=\/wp\/v2\/pages"}],"about":[{"href":"https:\/\/kurikankorvenkavijat.net\/index.php?rest_route=\/wp\/v2\/types\/page"}],"author":[{"embeddable":true,"href":"https:\/\/kurikankorvenkavijat.net\/index.php?rest_route=\/wp\/v2\/users\/2"}],"replies":[{"embeddable":true,"href":"https:\/\/kurikankorvenkavijat.net\/index.php?rest_route=%2Fwp%2Fv2%2Fcomments&post=2084"}],"version-history":[{"count":6,"href":"https:\/\/kurikankorvenkavijat.net\/index.php?rest_route=\/wp\/v2\/pages\/2084\/revisions"}],"predecessor-version":[{"id":2993,"href":"https:\/\/kurikankorvenkavijat.net\/index.php?rest_route=\/wp\/v2\/pages\/2084\/revisions\/2993"}],"up":[{"embeddable":true,"href":"https:\/\/kurikankorvenkavijat.net\/index.php?rest_route=\/wp\/v2\/pages\/2069"}],"wp:attachment":[{"href":"https:\/\/kurikankorvenkavijat.net\/index.php?rest_route=%2Fwp%2Fv2%2Fmedia&parent=2084"}],"curies":[{"name":"wp","href":"https:\/\/api.w.org\/{rel}","templated":true}]}}