{"id":2036,"date":"2014-04-22T16:54:34","date_gmt":"2014-04-22T13:54:34","guid":{"rendered":"http:\/\/kurikankorvenkavijat.net\/?page_id=2036"},"modified":"2014-06-09T20:54:16","modified_gmt":"2014-06-09T17:54:16","slug":"ajo-ohje-hiekkakuopille","status":"publish","type":"page","link":"https:\/\/kurikankorvenkavijat.net\/?page_id=2036","title":{"rendered":"Ajo-ohje hiekkakuopille"},"content":{"rendered":"<p>Aja Kaskistentiet\u00e4 (67) Kauhajoen suuntaan noin 6,5 km ja k\u00e4\u00e4nny vasemmalle Pitk\u00e4m\u00f6ntielle kohdasta, jossa on viitta Pitk\u00e4m\u00f6 3km. Pitk\u00e4m\u00f6ntie k\u00e4\u00e4ntyy oikealle Syv\u00e4ojantien kohdassa.<br \/>\n<a href=\"http:\/\/kurikankorvenkavijat.net\/wp-content\/uploads\/2014\/04\/image001.jpg\"><img loading=\"lazy\" decoding=\"async\" class=\"alignnone size-full wp-image-2035\" alt=\"image001\" src=\"http:\/\/kurikankorvenkavijat.net\/wp-content\/uploads\/2014\/04\/image001.jpg\" width=\"453\" height=\"510\" srcset=\"https:\/\/kurikankorvenkavijat.net\/wp-content\/uploads\/2014\/04\/image001.jpg 453w, https:\/\/kurikankorvenkavijat.net\/wp-content\/uploads\/2014\/04\/image001-266x300.jpg 266w\" sizes=\"auto, (max-width: 453px) 100vw, 453px\" \/><\/a><\/p>\n","protected":false},"excerpt":{"rendered":"<p>Aja Kaskistentiet\u00e4 (67) Kauhajoen suuntaan noin 6,5 km ja k\u00e4\u00e4nny vasemmalle Pitk\u00e4m\u00f6ntielle kohdasta, jossa on viitta Pitk\u00e4m\u00f6 3km. Pitk\u00e4m\u00f6ntie k\u00e4\u00e4ntyy oikealle Syv\u00e4ojantien kohdassa.<\/p>\n","protected":false},"author":1,"featured_media":0,"parent":72,"menu_order":0,"comment_status":"closed","ping_status":"closed","template":"","meta":{"footnotes":""},"class_list":["post-2036","page","type-page","status-publish","hentry"],"_links":{"self":[{"href":"https:\/\/kurikankorvenkavijat.net\/index.php?rest_route=\/wp\/v2\/pages\/2036","targetHints":{"allow":["GET"]}}],"collection":[{"href":"https:\/\/kurikankorvenkavijat.net\/index.php?rest_route=\/wp\/v2\/pages"}],"about":[{"href":"https:\/\/kurikankorvenkavijat.net\/index.php?rest_route=\/wp\/v2\/types\/page"}],"author":[{"embeddable":true,"href":"https:\/\/kurikankorvenkavijat.net\/index.php?rest_route=\/wp\/v2\/users\/1"}],"replies":[{"embeddable":true,"href":"https:\/\/kurikankorvenkavijat.net\/index.php?rest_route=%2Fwp%2Fv2%2Fcomments&post=2036"}],"version-history":[{"count":4,"href":"https:\/\/kurikankorvenkavijat.net\/index.php?rest_route=\/wp\/v2\/pages\/2036\/revisions"}],"predecessor-version":[{"id":2044,"href":"https:\/\/kurikankorvenkavijat.net\/index.php?rest_route=\/wp\/v2\/pages\/2036\/revisions\/2044"}],"up":[{"embeddable":true,"href":"https:\/\/kurikankorvenkavijat.net\/index.php?rest_route=\/wp\/v2\/pages\/72"}],"wp:attachment":[{"href":"https:\/\/kurikankorvenkavijat.net\/index.php?rest_route=%2Fwp%2Fv2%2Fmedia&parent=2036"}],"curies":[{"name":"wp","href":"https:\/\/api.w.org\/{rel}","templated":true}]}}