{"id":186,"date":"2009-09-20T23:18:07","date_gmt":"2009-09-21T01:18:07","guid":{"rendered":"?page_id=186"},"modified":"2026-02-16T12:28:19","modified_gmt":"2026-02-16T10:28:19","slug":"yhteystiedot","status":"publish","type":"page","link":"https:\/\/kurikankorvenkavijat.net\/?page_id=186","title":{"rendered":"Yhteystiedot"},"content":{"rendered":"<p style=\"text-align: left;\"><strong>Pestit vuonna 2026<\/strong><\/p>\n<p><strong>Lippukunnanjohtaja\u00a0<\/strong>Minna Huhtala<\/p>\n<p><strong>Apulaislippukunnanjohtaja<\/strong> Pia-Nora Isom\u00e4ki<\/p>\n<p><strong>Kuksa-vastaava (j\u00e4senkorttiasiat)<\/strong> Tuija Kes\u00e4l\u00e4<br \/>\ntuija84@hotmail.com, 0405032603<\/p>\n<p><strong>Sihteeri <\/strong>Elina Koski-S\u00e4ntti<br \/>\nelina.koskisantti@gmail.com<\/p>\n<p><strong>Rahastonhoitaja<\/strong> Heidi M\u00e4kilaine<\/p>\n<p><strong>Pestijohtaja<\/strong> Tuija Kes\u00e4l\u00e4<\/p>\n<p><strong>Ohjelmajohtaja<\/strong> Elina Koski-S\u00e4ntti<\/p>\n<p><strong>Tiedotusvastaava <\/strong>Minna Huhtala<\/p>\n<p><strong>Kolovastaavat <\/strong>Matti Huhtala ja Iisakki Kohtanen<\/p>\n<p><strong>Varastop\u00e4\u00e4llik\u00f6t<\/strong>\u00a0 Matti Huhtala ja Iisakki Kohtanen<\/p>\n<p><strong>Majap\u00e4\u00e4llikk\u00f6<\/strong>\u00a0Harri Kyt\u00f6l\u00e4<\/p>\n<p><strong>Aittakaapinhoitaja<\/strong> Elina Koski-S\u00e4ntti<\/p>\n<p><strong>Nettisivuvastaava<\/strong> Elina Koski-S\u00e4ntti<\/p>\n<p><strong>Webmaster <\/strong>Pekka Alanen<\/p>\n<p><strong>Leikekirjanpit\u00e4j\u00e4\u00a0<\/strong>Anu Risku<\/p>\n","protected":false},"excerpt":{"rendered":"<p>Pestit vuonna 2026 Lippukunnanjohtaja\u00a0Minna Huhtala Apulaislippukunnanjohtaja Pia-Nora Isom\u00e4ki Kuksa-vastaava (j\u00e4senkorttiasiat) Tuija Kes\u00e4l\u00e4 tuija84@hotmail.com, 0405032603 Sihteeri Elina Koski-S\u00e4ntti elina.koskisantti@gmail.com Rahastonhoitaja Heidi M\u00e4kilaine Pestijohtaja Tuija Kes\u00e4l\u00e4 Ohjelmajohtaja Elina Koski-S\u00e4ntti Tiedotusvastaava Minna Huhtala Kolovastaavat Matti Huhtala ja Iisakki Kohtanen Varastop\u00e4\u00e4llik\u00f6t\u00a0 Matti Huhtala ja Iisakki Kohtanen Majap\u00e4\u00e4llikk\u00f6\u00a0Harri Kyt\u00f6l\u00e4 Aittakaapinhoitaja Elina Koski-S\u00e4ntti Nettisivuvastaava Elina Koski-S\u00e4ntti Webmaster Pekka Alanen Leikekirjanpit\u00e4j\u00e4\u00a0Anu Risku<\/p>\n","protected":false},"author":1,"featured_media":0,"parent":0,"menu_order":7,"comment_status":"closed","ping_status":"closed","template":"","meta":{"footnotes":""},"class_list":["post-186","page","type-page","status-publish","hentry"],"_links":{"self":[{"href":"https:\/\/kurikankorvenkavijat.net\/index.php?rest_route=\/wp\/v2\/pages\/186","targetHints":{"allow":["GET"]}}],"collection":[{"href":"https:\/\/kurikankorvenkavijat.net\/index.php?rest_route=\/wp\/v2\/pages"}],"about":[{"href":"https:\/\/kurikankorvenkavijat.net\/index.php?rest_route=\/wp\/v2\/types\/page"}],"author":[{"embeddable":true,"href":"https:\/\/kurikankorvenkavijat.net\/index.php?rest_route=\/wp\/v2\/users\/1"}],"replies":[{"embeddable":true,"href":"https:\/\/kurikankorvenkavijat.net\/index.php?rest_route=%2Fwp%2Fv2%2Fcomments&post=186"}],"version-history":[{"count":29,"href":"https:\/\/kurikankorvenkavijat.net\/index.php?rest_route=\/wp\/v2\/pages\/186\/revisions"}],"predecessor-version":[{"id":3059,"href":"https:\/\/kurikankorvenkavijat.net\/index.php?rest_route=\/wp\/v2\/pages\/186\/revisions\/3059"}],"wp:attachment":[{"href":"https:\/\/kurikankorvenkavijat.net\/index.php?rest_route=%2Fwp%2Fv2%2Fmedia&parent=186"}],"curies":[{"name":"wp","href":"https:\/\/api.w.org\/{rel}","templated":true}]}}